{"id":9,"date":"2015-03-27T16:00:56","date_gmt":"2015-03-27T16:00:56","guid":{"rendered":"http:\/\/blogs.culturamas.es\/librosdefondo\/?page_id=9"},"modified":"2015-05-06T20:30:10","modified_gmt":"2015-05-06T20:30:10","slug":"9-2","status":"publish","type":"page","link":"https:\/\/blogs.culturamas.es\/librosdefondo\/9-2\/","title":{"rendered":"Sobre Libros de fondo"},"content":{"rendered":"<p>&nbsp;<\/p>\n<p>Libros de fondo es el blog de la escritora Silvia Pato; un espacio libre para todos los amantes de la literatura, la fotograf\u00eda, el cine, las series y todo aquello que contribuye a que nos reconciliemos con el mundo; un lugar donde plasmar nuestras divagaciones mientras seguimos el camino de baldosas amarillas.<\/p>\n<p>&nbsp;<\/p>\n<p><strong>Sobre la autora<\/strong><\/p>\n<p><a href=\"http:\/\/www.silviapato.es\/\">Silvia Pato<\/a> es autora de las novelas de g\u00e9nero fant\u00e1stico <a href=\"http:\/\/www.editorialvalinor.com\/work\/el-libro-del-unico-camino\"><em>El Libro del \u00danico Camino<\/em><\/a> (Editorial Valinor, 2014), <a href=\"http:\/\/www.literanda.com\/librerias\/autor\/narrativa-contemporanea\/pato-silvia\/126-las-nueve-piedras\"><em>Las nueve piedras<\/em> <\/a>(Literanda, 2013) y <a href=\"http:\/\/alfaeridiani.blogspot.com.es\/search?updated-max=2015-03-11T11:59:00%2B01:00&amp;max-results=3\"><em>El despertar de Hornung<\/em> <\/a>(Alfa Eridiani, 2013), as\u00ed como de los relatos de ciencia ficci\u00f3n <a href=\"http:\/\/planetasprohibidos.blogspot.com\/2013\/11\/planetas-prohibidos-7.html\">\u00abLa casa de los libros\u00bb<\/a> (<em>Planetas Prohibidos<\/em>, n\u00ba7) y <a href=\"https:\/\/lektu.com\/l\/alfa-eridiani\/especial-duodecimo-aniversario\/719\">\u00abEl \u00faltimo viaje\u00bb<\/a> (<em>Er\u00eddano,<\/em> n\u00ba 24.<em> Alfa Eridiani<\/em>). Ha publicado rese\u00f1as y art\u00edculos en diversos medios digitales. En la actualidad, colabora con la revista de informaci\u00f3n cultural <a href=\"http:\/\/www.culturamas.es\/\">Culturamas.<\/a><\/p>\n<p><strong>\u00a0<\/strong><\/p>\n<p>&nbsp;<\/p>\n<p>&nbsp;<\/p>\n<p>&nbsp;<\/p>\n","protected":false},"excerpt":{"rendered":"<p>&nbsp; Libros de fondo es el blog de la escritora Silvia Pato; un espacio libre para todos los amantes de la literatura, la fotograf\u00eda, el cine, las series y todo aquello que contribuye a que nos reconciliemos con el mundo; un lugar donde plasmar nuestras divagaciones mientras seguimos el camino de baldosas amarillas. &nbsp; Sobre la autora Silvia Pato es autora de las novelas de g\u00e9nero fant\u00e1stico El Libro del \u00danico Camino (Editorial Valinor, 2014), Las nueve piedras (Literanda, 2013) y El despertar de Hornung (Alfa Eridiani, 2013), as\u00ed como de los relatos de ciencia ficci\u00f3n \u00abLa casa de los libros\u00bb (Planetas Prohibidos, n\u00ba7) y \u00abEl \u00faltimo viaje\u00bb (Er\u00eddano, n\u00ba 24. Alfa Eridiani). Ha publicado rese\u00f1as y art\u00edculos en diversos medios digitales. En la actualidad, colabora con la revista de informaci\u00f3n cultural Culturamas. \u00a0 &nbsp; &nbsp; &nbsp;<\/p>\n","protected":false},"author":69,"featured_media":0,"parent":0,"menu_order":0,"comment_status":"open","ping_status":"open","template":"","meta":{"_monsterinsights_skip_tracking":false,"_monsterinsights_sitenote_active":false,"_monsterinsights_sitenote_note":"","_monsterinsights_sitenote_category":0,"jetpack_post_was_ever_published":false,"footnotes":""},"class_list":["post-9","page","type-page","status-publish","hentry"],"jetpack_sharing_enabled":true,"jetpack_shortlink":"https:\/\/wp.me\/P5XwHR-9","_links":{"self":[{"href":"https:\/\/blogs.culturamas.es\/librosdefondo\/wp-json\/wp\/v2\/pages\/9","targetHints":{"allow":["GET"]}}],"collection":[{"href":"https:\/\/blogs.culturamas.es\/librosdefondo\/wp-json\/wp\/v2\/pages"}],"about":[{"href":"https:\/\/blogs.culturamas.es\/librosdefondo\/wp-json\/wp\/v2\/types\/page"}],"author":[{"embeddable":true,"href":"https:\/\/blogs.culturamas.es\/librosdefondo\/wp-json\/wp\/v2\/users\/69"}],"replies":[{"embeddable":true,"href":"https:\/\/blogs.culturamas.es\/librosdefondo\/wp-json\/wp\/v2\/comments?post=9"}],"version-history":[{"count":19,"href":"https:\/\/blogs.culturamas.es\/librosdefondo\/wp-json\/wp\/v2\/pages\/9\/revisions"}],"predecessor-version":[{"id":85,"href":"https:\/\/blogs.culturamas.es\/librosdefondo\/wp-json\/wp\/v2\/pages\/9\/revisions\/85"}],"wp:attachment":[{"href":"https:\/\/blogs.culturamas.es\/librosdefondo\/wp-json\/wp\/v2\/media?parent=9"}],"curies":[{"name":"wp","href":"https:\/\/api.w.org\/{rel}","templated":true}]}}